{"id":19,"date":"2017-09-08T13:14:42","date_gmt":"2017-09-08T11:14:42","guid":{"rendered":"https:\/\/biokor.si\/?page_id=19"},"modified":"2023-04-11T16:16:26","modified_gmt":"2023-04-11T14:16:26","slug":"trgovine","status":"publish","type":"page","link":"https:\/\/www.biokor.si\/?page_id=19","title":{"rendered":"Trgovine"},"content":{"rendered":"<p><span class=\"fontstyle0\">TRGOVINE PO SLOVENIJI<br \/>\nV vseh trgovinah dobite na\u0161 izelek odvajalno sredstvo Hitro, \u010de katerega od ostalih izdelkov<br \/>\nni na zalogi v trgovini, prosite prodajalca da ga naslednji\u010d naro\u010di.<br \/>\n<\/span><\/p>\n<p><span class=\"fontstyle0\"><strong>LJUBLJANA<\/strong><br \/>\n<\/span><\/p>\n<ul>\n<li><span class=\"fontstyle0\">Jablana, Pokrita tr\u017enica BTC, \u0160martinska cesta 152, Moste<\/span><\/li>\n<li><span class=\"fontstyle0\">\u010cebelarstvo Kalista, Pokrita tr\u017enica BTC, \u0160martinska cesta 152, Moste<\/span><\/li>\n<li><span class=\"fontstyle0\">Zakladi Narave, TPC Koseze, Vodnikova187, Koseze<\/span><\/li>\n<li><span class=\"fontstyle0\">Prodajalna R\u017e, Celov\u0161ka cesta 79, \u0160i\u0161ka<\/span><\/li>\n<li><span class=\"fontstyle0\">K Naravi, Celov\u0161ka cesta 87, \u0160i\u0161ka<\/span><\/li>\n<li><span class=\"fontstyle0\">Natura Sanat, Poga\u010darjev trg, Pokrita tr\u017enica, Center<\/span><\/li>\n<li><span class=\"fontstyle0\">\u010cebelarstvo Kalista, Poga\u010darjev trg, Pokrita tr\u017enica, Center<\/span><\/li>\n<li><span class=\"fontstyle0\">Medihi\u0161a, Gregor\u010di\u010deva 9, Center<\/span><\/li>\n<li><span class=\"fontstyle0\">Biovera, Galjevica 9, Rudnik<\/span><\/li>\n<li><span class=\"fontstyle0\">Lekarna Brod, Tacenska c. 120, Brod<\/span><\/li>\n<li><span class=\"fontstyle0\">Dobra misel,, Ljubljanska c. 29, Vrhnika<\/span><\/li>\n<\/ul>\n<p><span class=\"fontstyle0\"><strong>TRBOVLJE<\/strong><\/span><\/p>\n<ul>\n<li><span class=\"fontstyle0\">\u00a0Stoma center Sana, Ke\u0161etovo 14a, Trbovlje<br \/>\n<\/span><\/li>\n<\/ul>\n<p><strong><span class=\"fontstyle0\">KRANJ<\/span><\/strong><\/p>\n<ul>\n<li><span class=\"fontstyle0\">Medprotect, Kidri\u010deva 2, Kranj<\/span><\/li>\n<li><span class=\"fontstyle0\">Kraj\u010dek, Po\u0161tna ulica 6, Kranj<\/span><\/li>\n<li><span class=\"fontstyle0\">Lekarna Supernova, Stara cesta 25b, Kranj<\/span><\/li>\n<li><span class=\"fontstyle0\">Lekarna Mlaka, Golni\u0161ka 105, Mlaka pri Kranju<\/span><\/li>\n<\/ul>\n<p><span class=\"fontstyle0\"><strong>\u0160KOFJA LOKA<\/strong><\/span><\/p>\n<ul>\n<li><span class=\"fontstyle0\">Sivka, Frankovo naselje 67, Trata<br \/>\n<\/span><\/li>\n<\/ul>\n<p><span class=\"fontstyle0\"><strong>LESCE<\/strong><br \/>\n<\/span><\/p>\n<ul>\n<li><span class=\"fontstyle0\">Dobra misel, Alpska cesta 42, Lesce<br \/>\n<\/span><\/li>\n<\/ul>\n<p><span class=\"fontstyle0\"><strong>RADOVLJICA<\/strong><br \/>\n<\/span><\/p>\n<ul>\n<li><span class=\"fontstyle0\">Meta, Kranjska cesta 4a, Radovljica<\/span><span class=\"fontstyle0\"><br \/>\n<\/span><\/li>\n<\/ul>\n<p><span class=\"fontstyle0\"><strong>MARIBOR<\/strong><br \/>\n<\/span><\/p>\n<ul>\n<li><span class=\"fontstyle0\">Sonce, Vetrinjska 18, Maribor<\/span><\/li>\n<li><span class=\"fontstyle0\">Biotop, Pobre\u0161ka 18 \u2013 Europark, Maribor<\/span><\/li>\n<li><span class=\"fontstyle0\">\u0160e pa \u0161e, Ptujska 97, Maribor<\/span><span class=\"fontstyle0\"><br \/>\n<\/span><\/li>\n<\/ul>\n<p><span class=\"fontstyle0\"><strong>GORNJA RADGONA<\/strong><br \/>\n<\/span><\/p>\n<ul>\n<li><span class=\"fontstyle0\">Orfam Orfam, Cesta na Stadion 1a, Gornja Radgona<\/span><\/li>\n<\/ul>\n<p><span class=\"fontstyle0\"><strong>PTUJ<\/strong><br \/>\n<\/span><\/p>\n<ul>\n<li><span class=\"fontstyle0\">Orfam Orfam, Potr\u010deva 16, Ptuj<\/span><\/li>\n<\/ul>\n<p><span class=\"fontstyle0\"><strong>CELJE<\/strong><br \/>\n<\/span><\/p>\n<ul>\n<li><span class=\"fontstyle0\">Biotop, Mariborska 100, City center, Celje<\/span><\/li>\n<li><span class=\"fontstyle0\">Biotop, Glavni trg 10, Celje<\/span><\/li>\n<li><span class=\"fontstyle0\">Dobra volja , Stanetova 9, Celje<\/span><\/li>\n<li><span class=\"fontstyle0\">Zeli\u0161\u010dna drogerija Pur, Mestni trg 4, \u017dalec<br \/>\n<\/span><\/li>\n<\/ul>\n<p><span class=\"fontstyle0\"><strong>VELENJE<\/strong><br \/>\n<\/span><\/p>\n<ul>\n<li><span class=\"fontstyle0\">Hi\u0161ka zdravja, \u0160ale\u0161ka 21 \u2013 Center Nova, Velenje<br \/>\n<\/span><\/li>\n<\/ul>\n<p><span class=\"fontstyle0\"><strong>NOVA GORICA<\/strong><br \/>\n<\/span><\/p>\n<ul>\n<li><span class=\"fontstyle0\">Arna, Delpinova 8, Nova Gorica<\/span><\/li>\n<li><span class=\"fontstyle0\">Medigo, Gradnikov brigade 53, Nova Gorica<\/span><\/li>\n<li><span class=\"fontstyle0\">Lekarna Nova, \u017dnidar\u0161i\u010deva 19, \u0160empeter pri Novi Gorici<\/span><span class=\"fontstyle0\"><br \/>\n<\/span><\/li>\n<\/ul>\n<p><span class=\"fontstyle0\"><strong>AJDOV\u0160\u010cINA<\/strong><br \/>\n<\/span><\/p>\n<ul>\n<li><span class=\"fontstyle0\">Medigo, Tovarni\u0161ka 2b, Ajdov\u0161\u010dina<br \/>\n<\/span><\/li>\n<\/ul>\n<p><span class=\"fontstyle0\"><strong>VIPAVA<\/strong><br \/>\n<\/span><\/p>\n<ul>\n<li><span class=\"fontstyle0\">Medbiro, Glavni trg 5, Vipava<br \/>\n<\/span><\/li>\n<\/ul>\n<p><span class=\"fontstyle0\"><strong>SE\u017dANA<\/strong><br \/>\n<\/span><\/p>\n<ul>\n<li><span class=\"fontstyle0\">Klasje, Gradi\u0161\u010de 12, Se\u017eana<br \/>\n<\/span><\/li>\n<\/ul>\n<p><span class=\"fontstyle0\"><strong>POSTOJNA<\/strong><br \/>\n<\/span><\/p>\n<ul>\n<li><span class=\"fontstyle0\">Komar\u010dek zeli\u0161\u010dna trgovina, Tr\u017ea\u0161ka 59 \u2013 Mercator center, Postojna<br \/>\n<\/span><\/li>\n<\/ul>\n<p><span class=\"fontstyle0\"><strong>CERKNICA<\/strong><br \/>\n<\/span><\/p>\n<ul>\n<li><span class=\"fontstyle0\">Medilek, cesta 4. maja 61, Cerknica<br \/>\n<\/span><\/li>\n<\/ul>\n<p><span class=\"fontstyle0\"><strong>NOVO MESTO<\/strong><br \/>\n<\/span><\/p>\n<ul>\n<li><span class=\"fontstyle0\">\u010cajarna Stari Most, Glavni trg 17, Novo mesto<\/span><\/li>\n<\/ul>\n","protected":false},"excerpt":{"rendered":"<p>TRGOVINE PO SLOVENIJI V vseh trgovinah dobite na\u0161 izelek odvajalno sredstvo Hitro, \u010de katerega od ostalih izdelkov ni na zalogi v trgovini, prosite prodajalca da ga naslednji\u010d naro\u010di. LJUBLJANA Jablana, Pokrita tr\u017enica BTC, \u0160martinska cesta 152, Moste \u010cebelarstvo Kalista, Pokrita tr\u017enica BTC, \u0160martinska cesta 152, Moste Zakladi Narave, TPC Koseze, Vodnikova187, Koseze Prodajalna R\u017e, Celov\u0161ka [&hellip;]<\/p>\n","protected":false},"author":1,"featured_media":0,"parent":0,"menu_order":0,"comment_status":"closed","ping_status":"closed","template":"page-fullwidth.php","meta":[],"_links":{"self":[{"href":"https:\/\/www.biokor.si\/index.php?rest_route=\/wp\/v2\/pages\/19"}],"collection":[{"href":"https:\/\/www.biokor.si\/index.php?rest_route=\/wp\/v2\/pages"}],"about":[{"href":"https:\/\/www.biokor.si\/index.php?rest_route=\/wp\/v2\/types\/page"}],"author":[{"embeddable":true,"href":"https:\/\/www.biokor.si\/index.php?rest_route=\/wp\/v2\/users\/1"}],"replies":[{"embeddable":true,"href":"https:\/\/www.biokor.si\/index.php?rest_route=%2Fwp%2Fv2%2Fcomments&post=19"}],"version-history":[{"count":4,"href":"https:\/\/www.biokor.si\/index.php?rest_route=\/wp\/v2\/pages\/19\/revisions"}],"predecessor-version":[{"id":152,"href":"https:\/\/www.biokor.si\/index.php?rest_route=\/wp\/v2\/pages\/19\/revisions\/152"}],"wp:attachment":[{"href":"https:\/\/www.biokor.si\/index.php?rest_route=%2Fwp%2Fv2%2Fmedia&parent=19"}],"curies":[{"name":"wp","href":"https:\/\/api.w.org\/{rel}","templated":true}]}}